{"id":24903,"date":"2022-06-07T08:34:34","date_gmt":"2022-06-07T06:34:34","guid":{"rendered":"https:\/\/ap.moonsafari.design\/zahlung-mit-karten\/"},"modified":"2026-02-10T20:54:08","modified_gmt":"2026-02-10T19:54:08","slug":"zahlung-mit-karten","status":"publish","type":"page","link":"https:\/\/tbcres.com\/de\/zahlung-mit-karten\/","title":{"rendered":"Zahlung mit Karten"},"content":{"rendered":"<p>[et_pb_section fb_built=&#8220;1&#8243; admin_label=&#8220;Hero image&#8220; _builder_version=&#8220;4.17.4&#8243; _module_preset=&#8220;default&#8220; background_image=&#8220;https:\/\/tbcres.com\/wp-content\/uploads\/2022\/07\/placanje-karticama.webp&#8220; background_position=&#8220;top_center&#8220; min_height=&#8220;400px&#8220; top_divider_color=&#8220;#e02b20&#8243; bottom_divider_style=&#8220;waves2&#8243; bottom_divider_color=&#8220;#f6f6f3&#8243; collapsed=&#8220;on&#8220; global_colors_info=&#8220;{}&#8220;][\/et_pb_section][et_pb_section fb_built=&#8220;1&#8243; admin_label=&#8220;Section: Pla\u0107anje karticama&#8220; _builder_version=&#8220;4.16&#8243; _module_preset=&#8220;default&#8220; background_color=&#8220;rgba(0,0,0,0)&#8220; custom_margin=&#8220;-200px||50px||false|false&#8220; custom_padding=&#8220;0px||0px||false|false&#8220; collapsed=&#8220;off&#8220; global_colors_info=&#8220;{}&#8220;][et_pb_row admin_label=&#8220;Naslov &#8220; _builder_version=&#8220;4.16&#8243; _module_preset=&#8220;default&#8220; custom_padding=&#8220;0px|4vw||4vw|false|false&#8220; collapsed=&#8220;off&#8220; global_colors_info=&#8220;{}&#8220;][et_pb_column type=&#8220;4_4&#8243; _builder_version=&#8220;4.16&#8243; _module_preset=&#8220;default&#8220; global_colors_info=&#8220;{}&#8220;][et_pb_text _builder_version=&#8220;4.17.4&#8243; _module_preset=&#8220;default&#8220; text_line_height=&#8220;1.5em&#8220; header_font=&#8220;|300|||||||&#8220; header_text_align=&#8220;left&#8220; header_text_color=&#8220;#f6f6f3&#8243; header_font_size=&#8220;3.5em&#8220; header_6_font=&#8220;|||on|||||&#8220; header_6_line_height=&#8220;2em&#8220; background_layout=&#8220;dark&#8220; custom_margin=&#8220;||||false|false&#8220; locked=&#8220;off&#8220; global_colors_info=&#8220;{}&#8220;]<\/p>\n<h1>Kreditkarte Bezahlung<\/h1>\n<p>[\/et_pb_text][\/et_pb_column][\/et_pb_row][et_pb_row column_structure=&#8220;3_5,2_5&#8243; use_custom_gutter=&#8220;on&#8220; admin_label=&#8220;Opis&#8220; _builder_version=&#8220;4.17.4&#8243; _module_preset=&#8220;default&#8220; background_color=&#8220;#FFFFFF&#8220; z_index=&#8220;99&#8243; custom_margin=&#8220;||||false|false&#8220; custom_padding=&#8220;50px|50px|50px|50px|true|true&#8220; box_shadow_style=&#8220;preset1&#8243; box_shadow_vertical=&#8220;-25px&#8220; box_shadow_spread=&#8220;-10px&#8220; collapsed=&#8220;off&#8220; global_colors_info=&#8220;{}&#8220;][et_pb_column type=&#8220;3_5&#8243; _builder_version=&#8220;4.16&#8243; _module_preset=&#8220;default&#8220; global_colors_info=&#8220;{}&#8220;][et_pb_text _builder_version=&#8220;4.17.4&#8243; _module_preset=&#8220;default&#8220; global_colors_info=&#8220;{}&#8220;]<\/p>\n<p>Wenn Sie die Reservierungsbest\u00e4tigung der Touristischen Agentur \u201eTurist\u201c von Cres erhalten haben, k\u00f6nnen Sie hier die Vorauszahlung oder Reservierungsgeb\u00fchr auch \u00fcber Ihre Kreditkarte bezahlen.<\/p>\n<p>Ihren Aufenthalt bezahlen Sie an der Rezeption der Agentur f\u00fcr Tourismus \u201eTurist\u201c in Cres in Bargeld.<\/p>\n<p>[\/et_pb_text][et_pb_code _builder_version=&#8220;4.16&#8243; _module_preset=&#8220;default&#8220; global_colors_info=&#8220;{}&#8220;]<div class=\"payway-form\"><input type=\"hidden\" id=\"payway_wordpress_url\" value=\"https:\/\/tbcres.com\"><form id=\"payway_form\" action=\"https:\/\/form.payway.com.hr\/Authorization.aspx\" method=\"POST\"><input type=\"hidden\" name=\"ShoppingCartID\" value=\"260501_121205050404\" id=\"ShoppingCartID\" ><input type=\"hidden\" name=\"ShopID\" value=\"10001009\"><input type=\"hidden\" name=\"ReturnURL\" value=\"https:\/\/tbcres.com\/subcategory\/success\"><input type=\"hidden\" name=\"CancelURL\" value=\"https:\/\/tbcres.com\/subcategory\/failure\"><input type=\"hidden\" name=\"ReturnErrorURL\" value=\"https:\/\/tbcres.com\/subcategory\/failure\"><input type=\"hidden\" name=\"Lang\" value=\"de\"><input type=\"hidden\" name=\"Version\" value=\"2.0\"><input type=\"hidden\" name=\"Signature\" id=\"payway_signature\"><table class=\"dcf-table dcf-table-responsive dcf-table-striped dcf-w-100%\"><tbody><tr><td><p>Nachname<\/p><\/td><td><input class=\"input_field\" type=\"text\" name=\"CustomerFirstname\" \/><\/td><\/tr><tr><td><p>Name <\/p><\/td><td><input class=\"input_field\" type=\"text\" name=\"CustomerLastName\" \/><\/td><\/tr><tr><td><p>Adresse<\/p><\/td><td><input class=\"input_field\" type=\"text\" name=\"CustomerAddress\" \/><\/td><\/tr><tr><td><p>Stadt<\/p><\/td><td><input class=\"input_field\" type=\"text\" name=\"CustomerCity\" \/><\/td><\/tr><tr><td><p>ZIP<\/p><\/td><td><input class=\"input_field\" type=\"text\" name=\"CustomerZIP\" \/><\/td><\/tr><tr><td><p>Land<\/p><\/td><td><input class=\"input_field\" type=\"text\" name=\"CustomerCountry\" \/><\/td><\/tr><tr><td><p>Telefon<\/p><\/td><td><input class=\"input_field\" type=\"text\" name=\"CustomerPhone\" \/><\/td><\/tr><tr><td><p>E-mail<\/p><\/td><td><input class=\"input_field\" type=\"text\" name=\"CustomerEmail\" \/><\/td><\/tr><tr><td><p>Betrag<\/p><\/td><td><input class=\"input_field\" type=\"text\"  id=\"TotalAmount\" name=\"TotalAmount\" \/> EUR<\/td><\/tr><tr><td colspan=\"2\" align=\"right\"><button type=\"button\" id=\"payway_getSignature\">Zur Zahlung durch Kreditkarte<\/button><\/td><\/tr><tr><td colspan=\"2\" align=\"right\"><p id=\"invalid-amount-error\" style=\"display:none;\">Der eingegebene Betrag ist ung\u00fcltig, bitte geben Sie den korrekten Wert ein und fahren Sie fort<\/p><\/td><\/tr><div><input style=\"display:none\" type=\"submit\" id=\"payway_redirect\" \/><\/div><\/tbody><\/table><\/form><\/div>[\/et_pb_code][\/et_pb_column][et_pb_column type=&#8220;2_5&#8243; _builder_version=&#8220;4.16&#8243; _module_preset=&#8220;default&#8220; global_colors_info=&#8220;{}&#8220;][et_pb_text _builder_version=&#8220;4.17.4&#8243; _module_preset=&#8220;default&#8220; header_6_font=&#8220;|||on|||||&#8220; global_colors_info=&#8220;{}&#8220;]<\/p>\n<h6>Anleitung<\/h6>\n<p>[\/et_pb_text][et_pb_text _builder_version=&#8220;4.27.5&#8243; _module_preset=&#8220;default&#8220; text_letter_spacing=&#8220;0.03em&#8220; text_line_height=&#8220;2em&#8220; hover_enabled=&#8220;0&#8243; global_colors_info=&#8220;{}&#8220; sticky_enabled=&#8220;0&#8243;]<\/p>\n<ul>\n<li>Tragen Sie in die Felder Ihre pers\u00f6nlichen Daten ein<\/li>\n<li>Betrag der Anzahlung und Reservierungsgeb\u00fchr ein:\n<ul>\n<li>Reservierung f\u00fcr eine Ferienwohnung 20 \u20ac<\/li>\n<li>Reservierung f\u00fcr ein Privatzimmer 10 \u20ac<\/li>\n<li>oder den Betrag, welchen Sie mit der Verkaufsabteilung der Touristischen Agentur \u201eCresanka\u201c vereinbart haben<\/li>\n<\/ul>\n<\/li>\n<li>Dr\u00fccken Sie auf die Taste \u201eZur Zahlung durch Kreditkarte\u201c<\/li>\n<\/ul>\n<p>[\/et_pb_text][et_pb_text _builder_version=&#8220;4.16&#8243; _module_preset=&#8220;default&#8220; header_6_font=&#8220;|||on|||||&#8220; global_colors_info=&#8220;{}&#8220;]<\/p>\n<h6>WIR AKZEPTIEREN FOLGENDE KDREDITKARTEN:<\/h6>\n<p>[\/et_pb_text][et_pb_image src=&#8220;https:\/\/tbcres.com\/wp-content\/uploads\/2022\/06\/visa_kreditna_kartica_Kamp-Kovacine_Cres.svg&#8220; alt=&#8220;Visa&#8220; title_text=&#8220;Visa&#8220; _builder_version=&#8220;4.16&#8243; _module_preset=&#8220;default&#8220; width=&#8220;30%&#8220; custom_margin=&#8220;|10px|||false|false&#8220; custom_css_main_element=&#8220;float: left;&#8220; global_colors_info=&#8220;{}&#8220;][\/et_pb_image][et_pb_image src=&#8220;https:\/\/tbcres.com\/wp-content\/uploads\/2022\/06\/mastercard_kreditna_kartica_Kamp_Kovacine_Cres.svg&#8220; alt=&#8220;Mastercard&#8220; title_text=&#8220;Mastercard&#8220; _builder_version=&#8220;4.16&#8243; _module_preset=&#8220;default&#8220; width=&#8220;30%&#8220; custom_margin=&#8220;|10px|||false|false&#8220; custom_css_main_element=&#8220;float: left;&#8220; global_colors_info=&#8220;{}&#8220;][\/et_pb_image][et_pb_image src=&#8220;https:\/\/tbcres.com\/wp-content\/uploads\/2022\/06\/american_express_kreditna_kartica_Kamp_Kovacine_Cres.svg&#8220; alt=&#8220;American Express&#8220; title_text=&#8220;American Express&#8220; _builder_version=&#8220;4.16&#8243; _module_preset=&#8220;default&#8220; width=&#8220;30%&#8220; custom_css_main_element=&#8220;float: left;&#8220; global_colors_info=&#8220;{}&#8220;][\/et_pb_image][\/et_pb_column][\/et_pb_row][\/et_pb_section]<\/p>\n","protected":false},"excerpt":{"rendered":"<p>Kreditkarte BezahlungWenn Sie die Reservierungsbest\u00e4tigung der Touristischen Agentur \u201eTurist\u201c von Cres erhalten haben, k\u00f6nnen Sie hier die Vorauszahlung oder Reservierungsgeb\u00fchr auch \u00fcber Ihre Kreditkarte bezahlen. Ihren Aufenthalt bezahlen Sie an der Rezeption der Agentur f\u00fcr Tourismus \u201eTurist\u201c in Cres in Bargeld.<div class=\"payway-form\"><input type=\"hidden\" id=\"payway_wordpress_url\" value=\"https:\/\/tbcres.com\"><form id=\"payway_form\" action=\"https:\/\/form.payway.com.hr\/Authorization.aspx\" method=\"POST\"><input type=\"hidden\" name=\"ShoppingCartID\" value=\"260501_121205050404\" id=\"ShoppingCartID\" ><input type=\"hidden\" name=\"ShopID\" value=\"10001009\"><input type=\"hidden\" name=\"ReturnURL\" value=\"https:\/\/tbcres.com\/subcategory\/success\"><input type=\"hidden\" name=\"CancelURL\" value=\"https:\/\/tbcres.com\/subcategory\/failure\"><input type=\"hidden\" name=\"ReturnErrorURL\" value=\"https:\/\/tbcres.com\/subcategory\/failure\"><input type=\"hidden\" name=\"Lang\" value=\"de\"><input type=\"hidden\" name=\"Version\" value=\"2.0\"><input type=\"hidden\" name=\"Signature\" id=\"payway_signature\"><table class=\"dcf-table dcf-table-responsive dcf-table-striped dcf-w-100%\"><tbody><tr><td><p>Nachname<\/p><\/td><td><input class=\"input_field\" type=\"text\" name=\"CustomerFirstname\" \/><\/td><\/tr><tr><td><p>Name <\/p><\/td><td><input class=\"input_field\" type=\"text\" name=\"CustomerLastName\" \/><\/td><\/tr><tr><td><p>Adresse<\/p><\/td><td><input class=\"input_field\" type=\"text\" name=\"CustomerAddress\" \/><\/td><\/tr><tr><td><p>Stadt<\/p><\/td><td><input class=\"input_field\" type=\"text\" name=\"CustomerCity\" \/><\/td><\/tr><tr><td><p>ZIP<\/p><\/td><td><input class=\"input_field\" type=\"text\" name=\"CustomerZIP\" \/><\/td><\/tr><tr><td><p>Land<\/p><\/td><td><input class=\"input_field\" type=\"text\" name=\"CustomerCountry\" \/><\/td><\/tr><tr><td><p>Telefon<\/p><\/td><td><input class=\"input_field\" type=\"text\" name=\"CustomerPhone\" \/><\/td><\/tr><tr><td><p>E-mail<\/p><\/td><td><input class=\"input_field\" type=\"text\" name=\"CustomerEmail\" \/><\/td><\/tr><tr><td><p>Betrag<\/p><\/td><td><input class=\"input_field\" type=\"text\"  id=\"TotalAmount\" name=\"TotalAmount\" \/> EUR<\/td><\/tr><tr><td colspan=\"2\" align=\"right\"><button type=\"button\" id=\"payway_getSignature\">Zur Zahlung durch Kreditkarte<\/button><\/td><\/tr><tr><td colspan=\"2\" align=\"right\"><p id=\"invalid-amount-error\" style=\"display:none;\">Der eingegebene Betrag ist ung\u00fcltig, bitte geben Sie den korrekten Wert ein und fahren Sie fort<\/p><\/td><\/tr><div><input style=\"display:none\" type=\"submit\" id=\"payway_redirect\" \/><\/div><\/tbody><\/table><\/form><\/div>Anleitung Tragen Sie in die Felder Ihre pers\u00f6nlichen Daten ein Betrag der Anzahlung und Reservierungsgeb\u00fchr [&hellip;]<\/p>\n","protected":false},"author":1,"featured_media":0,"parent":0,"menu_order":0,"comment_status":"closed","ping_status":"closed","template":"","meta":{"_et_pb_use_builder":"on","_et_pb_old_content":"","_et_gb_content_width":"","footnotes":""},"class_list":["post-24903","page","type-page","status-publish","hentry"],"_links":{"self":[{"href":"https:\/\/tbcres.com\/de\/wp-json\/wp\/v2\/pages\/24903","targetHints":{"allow":["GET"]}}],"collection":[{"href":"https:\/\/tbcres.com\/de\/wp-json\/wp\/v2\/pages"}],"about":[{"href":"https:\/\/tbcres.com\/de\/wp-json\/wp\/v2\/types\/page"}],"author":[{"embeddable":true,"href":"https:\/\/tbcres.com\/de\/wp-json\/wp\/v2\/users\/1"}],"replies":[{"embeddable":true,"href":"https:\/\/tbcres.com\/de\/wp-json\/wp\/v2\/comments?post=24903"}],"version-history":[{"count":9,"href":"https:\/\/tbcres.com\/de\/wp-json\/wp\/v2\/pages\/24903\/revisions"}],"predecessor-version":[{"id":27072,"href":"https:\/\/tbcres.com\/de\/wp-json\/wp\/v2\/pages\/24903\/revisions\/27072"}],"wp:attachment":[{"href":"https:\/\/tbcres.com\/de\/wp-json\/wp\/v2\/media?parent=24903"}],"curies":[{"name":"wp","href":"https:\/\/api.w.org\/{rel}","templated":true}]}}