{"id":24921,"date":"2022-06-07T09:01:00","date_gmt":"2022-06-07T07:01:00","guid":{"rendered":"https:\/\/ap.moonsafari.design\/allgemeine-geschaeftsbedingungen\/"},"modified":"2026-02-10T21:12:06","modified_gmt":"2026-02-10T20:12:06","slug":"allgemeine-geschaeftsbedingungen","status":"publish","type":"page","link":"https:\/\/tbcres.com\/de\/allgemeine-geschaeftsbedingungen\/","title":{"rendered":"Allgemeine Gesch\u00e4ftsbedingungen"},"content":{"rendered":"<p>[et_pb_section fb_built=&#8220;1&#8243; admin_label=&#8220;Hero image&#8220; _builder_version=&#8220;4.19.5&#8243; _module_preset=&#8220;default&#8220; background_image=&#8220;https:\/\/tbcres.com\/wp-content\/uploads\/2022\/06\/Valun-Cres-scaled.webp&#8220; background_position=&#8220;bottom_center&#8220; min_height=&#8220;400px&#8220; min_height_tablet=&#8220;400px&#8220; min_height_phone=&#8220;400px&#8220; min_height_last_edited=&#8220;on|phone&#8220; height_tablet=&#8220;&#8220; height_phone=&#8220;600px&#8220; height_last_edited=&#8220;on|phone&#8220; top_divider_color=&#8220;#e02b20&#8243; bottom_divider_style=&#8220;waves2&#8243; bottom_divider_color=&#8220;#FFFFFF&#8220; bottom_divider_style_tablet=&#8220;waves2&#8243; bottom_divider_style_phone=&#8220;wave2&#8243; bottom_divider_style_last_edited=&#8220;on|phone&#8220; collapsed=&#8220;on&#8220; global_colors_info=&#8220;{}&#8220;][\/et_pb_section][et_pb_section fb_built=&#8220;1&#8243; admin_label=&#8220;GDPR&#8220; _builder_version=&#8220;4.16&#8243; _module_preset=&#8220;default&#8220; background_color=&#8220;rgba(0,0,0,0)&#8220; custom_margin=&#8220;-200px||50px||false|false&#8220; custom_margin_tablet=&#8220;-200px||50px||false|false&#8220; custom_margin_phone=&#8220;-350px||50px||false|false&#8220; custom_margin_last_edited=&#8220;on|phone&#8220; custom_padding=&#8220;0px||0px||false|false&#8220; collapsed=&#8220;off&#8220; global_colors_info=&#8220;{}&#8220;][et_pb_row admin_label=&#8220;Naslov &#8220; _builder_version=&#8220;4.16&#8243; _module_preset=&#8220;default&#8220; width_tablet=&#8220;&#8220; width_phone=&#8220;90%&#8220; width_last_edited=&#8220;on|phone&#8220; custom_padding=&#8220;0px|4vw||4vw|false|false&#8220; collapsed=&#8220;on&#8220; global_colors_info=&#8220;{}&#8220;][et_pb_column type=&#8220;4_4&#8243; _builder_version=&#8220;4.16&#8243; _module_preset=&#8220;default&#8220; global_colors_info=&#8220;{}&#8220;][et_pb_text _builder_version=&#8220;4.16&#8243; _module_preset=&#8220;default&#8220; text_line_height=&#8220;1.5em&#8220; header_font=&#8220;|300|||||||&#8220; header_text_align=&#8220;left&#8220; header_text_color=&#8220;#f6f6f3&#8243; header_font_size=&#8220;3.5em&#8220; header_6_font=&#8220;|||on|||||&#8220; header_6_line_height=&#8220;2em&#8220; background_layout=&#8220;dark&#8220; custom_margin=&#8220;||||false|false&#8220; locked=&#8220;off&#8220; global_colors_info=&#8220;{}&#8220;]<\/p>\n<h1>Allgemeine Gesch\u00e4ftsbedingungen<\/h1>\n<p>[\/et_pb_text][\/et_pb_column][\/et_pb_row][et_pb_row column_structure=&#8220;2_3,1_3&#8243; use_custom_gutter=&#8220;on&#8220; gutter_width=&#8220;1&#8243; custom_padding_last_edited=&#8220;on|phone&#8220; admin_label=&#8220;Opis&#8220; _builder_version=&#8220;4.17.4&#8243; _module_preset=&#8220;default&#8220; background_color=&#8220;#FFFFFF&#8220; z_index=&#8220;99&#8243; width_tablet=&#8220;&#8220; width_phone=&#8220;90%&#8220; width_last_edited=&#8220;on|phone&#8220; custom_margin=&#8220;||||false|false&#8220; custom_padding=&#8220;50px|50px|50px|50px|true|true&#8220; custom_padding_tablet=&#8220;50px|50px|50px|50px|true|true&#8220; custom_padding_phone=&#8220;25px|25px|25px|25px|true|true&#8220; box_shadow_style=&#8220;preset1&#8243; box_shadow_vertical=&#8220;-25px&#8220; box_shadow_spread=&#8220;-10px&#8220; collapsed=&#8220;off&#8220; global_colors_info=&#8220;{}&#8220;][et_pb_column type=&#8220;2_3&#8243; _builder_version=&#8220;4.16&#8243; _module_preset=&#8220;default&#8220; global_colors_info=&#8220;{}&#8220;][et_pb_text _builder_version=&#8220;4.27.5&#8243; _module_preset=&#8220;default&#8220; text_letter_spacing=&#8220;0.03em&#8220; hover_enabled=&#8220;0&#8243; global_colors_info=&#8220;{}&#8220; sticky_enabled=&#8220;0&#8243;]<\/p>\n<p>&nbsp;<\/p>\n<ul>\n<li>Anfragen und Buchungen werden \u00fcber unsere Website (E-Mail oder Kontaktformular), per Post, Fax oder pers\u00f6nlich an der Rezeption der Privatunterkunft entgegengenommen.<\/li>\n<li>Der Gast garantiert f\u00fcr die Buchung durch Einzahlung der Buchungsgeb\u00fchr in H\u00f6he von 20 \u20ac pro Privatapartment oder im mit der Verkaufsabteilung der Privatunterkunft vereinbarten Betrag.<\/li>\n<li>Die Anzahlung kann wie folgt geleistet werden: ONLINE \/ KREDITKARTEN oder OFFLINE per Bank\u00fcberweisung und pers\u00f6nlich an der Rezeption von Turistbiro Cres<\/li>\n<li>Check-in in der Privatunterkunft \u2013 bis 22:00 Uhr<\/li>\n<li>Check-out aus der Privatunterkunft \u2013 bis 11:00 Uhr<\/li>\n<li>Zusatzgeb\u00fchr beim versp\u00e4teten Auschecken: 1 zus\u00e4tzlicher Aufenthaltstag wird verrechnet.<\/li>\n<li>Die in der Preisliste enthaltenen Preise gelten f\u00fcr jede Aufenthaltsdauer (1 Tag und l\u00e4nger).<\/li>\n<li>Die Schlussrechnung wird vor der Abreise an der Rezeption der Privatunterkunft beglichen, bei G\u00e4sten \u00fcber Reiseb\u00fcros findet die Abrechnung zu 100% im Voraus statt.<\/li>\n<li>Die aufgef\u00fchrten Preise sind informativ und die Privatunterkunft beh\u00e4lt sich das Recht auf Preis\u00e4nderungen vor.<\/li>\n<li>Buchungen k\u00f6nnen nur schriftlich durch die Verkaufsabteilung des Unternehmens ge\u00e4ndert werden.<\/li>\n<li>Die Privatunterkunft beh\u00e4lt sich das Recht vor, die Buchung abzulehnen, falls der Gast die Buchungskosten nicht begleicht oder bei Missbrauch des Systems oder wenn der Gast bereits als Nichtzahler oder problematischer Gast bekannt sein sollte.<\/li>\n<li>Hinweis zum Einreichen einer Beschwerde<br \/>Gem\u00e4\u00df Artikel 10 des Konsumentenschutzgesetzes (Amtsblatt \u201eNarodne novine\u201c Nr. 41\/14) weisen wir den Verbraucher darauf hin, dass er eine Beschwerde \u00fcber die Qualit\u00e4t unserer Dienstleistungen schriftlich senden kann an: Cresanka d.d., Varozina 25, 51557 Cres; per E-Mail: cresanka1@ri.t-com.hr; per Fax: 051\/571-163. Eine Antwort auf Ihre Beschwerde erhalten Sie in Schriftform innerhalb von 15 Tagen ab Eingang der Beschwerde.  <\/li>\n<\/ul>\n<p>[\/et_pb_text][et_pb_text _builder_version=&#8220;4.17.4&#8243; _module_preset=&#8220;default&#8220; custom_margin=&#8220;50px||||false|false&#8220; global_colors_info=&#8220;{}&#8220;]<\/p>\n<p><mark>Weitere Informationen<\/mark><\/p>\n<p><strong>Turist biro Cres:<\/strong><br \/>tel: 00385 \/ 51 571 133<br \/><a href=\"mailto:bookingcres@tbcres.com\">bookingcres@tbcres.com<\/a><\/p>\n<p>[\/et_pb_text][\/et_pb_column][et_pb_column type=&#8220;1_3&#8243; _builder_version=&#8220;4.16&#8243; _module_preset=&#8220;default&#8220; global_colors_info=&#8220;{}&#8220;][\/et_pb_column][\/et_pb_row][\/et_pb_section]<\/p>\n","protected":false},"excerpt":{"rendered":"<p>Allgemeine Gesch\u00e4ftsbedingungen&nbsp; Anfragen und Buchungen werden \u00fcber unsere Website (E-Mail oder Kontaktformular), per Post, Fax oder pers\u00f6nlich an der Rezeption der Privatunterkunft entgegengenommen. Der Gast garantiert f\u00fcr die Buchung durch Einzahlung der Buchungsgeb\u00fchr in H\u00f6he von 20 \u20ac pro Privatapartment oder im mit der Verkaufsabteilung der Privatunterkunft vereinbarten Betrag. Die Anzahlung kann wie folgt geleistet [&hellip;]<\/p>\n","protected":false},"author":1,"featured_media":0,"parent":0,"menu_order":0,"comment_status":"closed","ping_status":"closed","template":"","meta":{"_et_pb_use_builder":"on","_et_pb_old_content":"","_et_gb_content_width":"","footnotes":""},"class_list":["post-24921","page","type-page","status-publish","hentry"],"_links":{"self":[{"href":"https:\/\/tbcres.com\/de\/wp-json\/wp\/v2\/pages\/24921","targetHints":{"allow":["GET"]}}],"collection":[{"href":"https:\/\/tbcres.com\/de\/wp-json\/wp\/v2\/pages"}],"about":[{"href":"https:\/\/tbcres.com\/de\/wp-json\/wp\/v2\/types\/page"}],"author":[{"embeddable":true,"href":"https:\/\/tbcres.com\/de\/wp-json\/wp\/v2\/users\/1"}],"replies":[{"embeddable":true,"href":"https:\/\/tbcres.com\/de\/wp-json\/wp\/v2\/comments?post=24921"}],"version-history":[{"count":5,"href":"https:\/\/tbcres.com\/de\/wp-json\/wp\/v2\/pages\/24921\/revisions"}],"predecessor-version":[{"id":27085,"href":"https:\/\/tbcres.com\/de\/wp-json\/wp\/v2\/pages\/24921\/revisions\/27085"}],"wp:attachment":[{"href":"https:\/\/tbcres.com\/de\/wp-json\/wp\/v2\/media?parent=24921"}],"curies":[{"name":"wp","href":"https:\/\/api.w.org\/{rel}","templated":true}]}}