{"id":25422,"date":"2022-06-07T09:01:00","date_gmt":"2022-06-07T07:01:00","guid":{"rendered":"https:\/\/ap.moonsafari.design\/splosni-pogoji-poslovanja\/"},"modified":"2026-02-10T21:12:56","modified_gmt":"2026-02-10T20:12:56","slug":"splosni-pogoji-poslovanja","status":"publish","type":"page","link":"https:\/\/tbcres.com\/sl\/splosni-pogoji-poslovanja\/","title":{"rendered":"Splo\u0161ni pogoji poslovanja"},"content":{"rendered":"<p>[et_pb_section fb_built=&#8221;1&#8243; admin_label=&#8221;Hero image&#8221; _builder_version=&#8221;4.19.5&#8243; _module_preset=&#8221;default&#8221; background_image=&#8221;https:\/\/tbcres.com\/wp-content\/uploads\/2022\/06\/Valun-Cres-scaled.webp&#8221; background_position=&#8221;bottom_center&#8221; min_height=&#8221;400px&#8221; min_height_tablet=&#8221;400px&#8221; min_height_phone=&#8221;400px&#8221; min_height_last_edited=&#8221;on|phone&#8221; height_tablet=&#8221;&#8221; height_phone=&#8221;600px&#8221; height_last_edited=&#8221;on|phone&#8221; top_divider_color=&#8221;#e02b20&#8243; bottom_divider_style=&#8221;waves2&#8243; bottom_divider_color=&#8221;#FFFFFF&#8221; bottom_divider_style_tablet=&#8221;waves2&#8243; bottom_divider_style_phone=&#8221;wave2&#8243; bottom_divider_style_last_edited=&#8221;on|phone&#8221; collapsed=&#8221;on&#8221; global_colors_info=&#8221;{}&#8221;][\/et_pb_section][et_pb_section fb_built=&#8221;1&#8243; admin_label=&#8221;GDPR&#8221; _builder_version=&#8221;4.16&#8243; _module_preset=&#8221;default&#8221; background_color=&#8221;rgba(0,0,0,0)&#8221; custom_margin=&#8221;-200px||50px||false|false&#8221; custom_margin_tablet=&#8221;-200px||50px||false|false&#8221; custom_margin_phone=&#8221;-350px||50px||false|false&#8221; custom_margin_last_edited=&#8221;on|phone&#8221; custom_padding=&#8221;0px||0px||false|false&#8221; collapsed=&#8221;off&#8221; global_colors_info=&#8221;{}&#8221;][et_pb_row admin_label=&#8221;Naslov &#8221; _builder_version=&#8221;4.16&#8243; _module_preset=&#8221;default&#8221; width_tablet=&#8221;&#8221; width_phone=&#8221;90%&#8221; width_last_edited=&#8221;on|phone&#8221; custom_padding=&#8221;0px|4vw||4vw|false|false&#8221; collapsed=&#8221;on&#8221; global_colors_info=&#8221;{}&#8221;][et_pb_column type=&#8221;4_4&#8243; _builder_version=&#8221;4.16&#8243; _module_preset=&#8221;default&#8221; global_colors_info=&#8221;{}&#8221;][et_pb_text _builder_version=&#8221;4.16&#8243; _module_preset=&#8221;default&#8221; text_line_height=&#8221;1.5em&#8221; header_font=&#8221;|300|||||||&#8221; header_text_align=&#8221;left&#8221; header_text_color=&#8221;#f6f6f3&#8243; header_font_size=&#8221;3.5em&#8221; header_6_font=&#8221;|||on|||||&#8221; header_6_line_height=&#8221;2em&#8221; background_layout=&#8221;dark&#8221; custom_margin=&#8221;||||false|false&#8221; locked=&#8221;off&#8221; global_colors_info=&#8221;{}&#8221;]<\/p>\n<h1>Splo\u0161ni pogoji poslovanja<\/h1>\n<p>[\/et_pb_text][\/et_pb_column][\/et_pb_row][et_pb_row column_structure=&#8221;2_3,1_3&#8243; use_custom_gutter=&#8221;on&#8221; gutter_width=&#8221;1&#8243; custom_padding_last_edited=&#8221;on|phone&#8221; admin_label=&#8221;Opis&#8221; _builder_version=&#8221;4.17.4&#8243; _module_preset=&#8221;default&#8221; background_color=&#8221;#FFFFFF&#8221; z_index=&#8221;99&#8243; width_tablet=&#8221;&#8221; width_phone=&#8221;90%&#8221; width_last_edited=&#8221;on|phone&#8221; custom_margin=&#8221;||||false|false&#8221; custom_padding=&#8221;50px|50px|50px|50px|true|true&#8221; custom_padding_tablet=&#8221;50px|50px|50px|50px|true|true&#8221; custom_padding_phone=&#8221;25px|25px|25px|25px|true|true&#8221; box_shadow_style=&#8221;preset1&#8243; box_shadow_vertical=&#8221;-25px&#8221; box_shadow_spread=&#8221;-10px&#8221; collapsed=&#8221;off&#8221; global_colors_info=&#8221;{}&#8221;][et_pb_column type=&#8221;2_3&#8243; _builder_version=&#8221;4.16&#8243; _module_preset=&#8221;default&#8221; global_colors_info=&#8221;{}&#8221;][et_pb_text _builder_version=&#8221;4.27.5&#8243; _module_preset=&#8221;default&#8221; text_letter_spacing=&#8221;0.03em&#8221; hover_enabled=&#8221;0&#8243; global_colors_info=&#8221;{}&#8221; sticky_enabled=&#8221;0&#8243;]<\/p>\n<p>&nbsp;<\/p>\n<ul>\n<li>Povpra\u0161evanja in rezervacije sprejemamo preko na\u0161e spletne strani (e-po\u0161ta ali kontaktni obrazec), po po\u0161ti, faksu ali osebno na recepciji zasebne nastanitve.<\/li>\n<li>Gost zagotovi rezervacijo z vpla\u010dilom stro\u0161kov rezervacije v vi\u0161ini 20 \u20ac na apartma v zasebni nastanitvi ali znesek po specifikaciji, ki ga je dogovoril s prodajnim oddelkom zasebne nastanitve.<\/li>\n<li>Znesek akontacije je mogo\u010de vpla\u010dati: ONLINE\/S KREDITNIMI KARTICAMI ali OFFLINE preko ban\u010dnega nakazila ter osebno na recepciji Turistbiro Cres<\/li>\n<li>Prijava v zasebno nastanitev &#8211; do 22.00<\/li>\n<li>Odjava iz zasebne nastanitve &#8211; do 11.00<\/li>\n<li>Dodatni stro\u0161ki za zamujene odjave: zara\u010duna se \u0161e 1 dodatni dan bivanja<\/li>\n<li>Navedene cene v ceniku veljajo za bivanje v kakr\u0161nem koli trajanju (od 1 dneva naprej).<\/li>\n<li>Kon\u010dni obra\u010dun se poravna na recepciji zasebne nastanitve pred odhodom, za agencijske goste pa obra\u010dun 100% vnaprej.<\/li>\n<li>Navedene cene so informativne, zasebna nastanitev pa si pridr\u017euje pravico do spremembe.<\/li>\n<li>Sprememba rezervacij je mogo\u010da samo v pisni obliki Prodajnega sektorja podjetja.<\/li>\n<li>Zasebna nastanitev si pridr\u017euje pravico zavrniti rezervacijo v primeru, da gost ne poravna stro\u0161kov rezervacije, v primeru zlorabe sistema in v primeru, da je gost \u017ee prej znan kot nepla\u010dnik ali problemati\u010den.<\/li>\n<li>Obvestilo o na\u010dinu vlo\u017eitve prito\u017ebe<br \/>V skladu s 10. \u010dlenom Zakona o varstvu potro\u0161nikov (NN 41\/14) obve\u0161\u010damo potro\u0161nika, da lahko prito\u017ebo glede kakovosti na\u0161ih storitev po\u0161lje v pisni obliki na: Cresanka d.d., Varozina 25, 51557 Cres ali na e-naslov: cresanka1@ri.t-com.hr ali na faks: 051\/571-163. Odgovor na va\u0161o prito\u017ebo boste prejeli v pisni obliki najpozneje 15 dni od dneva prejema prito\u017ebe.  <\/li>\n<\/ul>\n<p>[\/et_pb_text][et_pb_text _builder_version=&#8221;4.17.4&#8243; _module_preset=&#8221;default&#8221; custom_margin=&#8221;50px||||false|false&#8221; global_colors_info=&#8221;{}&#8221;]<\/p>\n<p><mark>Dodatne informacije:<\/mark><\/p>\n<p><strong>Turist biro Cres:<\/strong><br \/>tel: 00385 \/ 51 571 133<br \/><a href=\"mailto:bookingcres@tbcres.com\">bookingcres@tbcres.com<\/a><\/p>\n<p>[\/et_pb_text][\/et_pb_column][et_pb_column type=&#8221;1_3&#8243; _builder_version=&#8221;4.16&#8243; _module_preset=&#8221;default&#8221; global_colors_info=&#8221;{}&#8221;][\/et_pb_column][\/et_pb_row][\/et_pb_section]<\/p>\n","protected":false},"excerpt":{"rendered":"<p>Splo\u0161ni pogoji poslovanja&nbsp; Povpra\u0161evanja in rezervacije sprejemamo preko na\u0161e spletne strani (e-po\u0161ta ali kontaktni obrazec), po po\u0161ti, faksu ali osebno na recepciji zasebne nastanitve. Gost zagotovi rezervacijo z vpla\u010dilom stro\u0161kov rezervacije v vi\u0161ini 20 \u20ac na apartma v zasebni nastanitvi ali znesek po specifikaciji, ki ga je dogovoril s prodajnim oddelkom zasebne nastanitve. Znesek akontacije [&hellip;]<\/p>\n","protected":false},"author":1,"featured_media":0,"parent":0,"menu_order":0,"comment_status":"closed","ping_status":"closed","template":"","meta":{"_et_pb_use_builder":"on","_et_pb_old_content":"","_et_gb_content_width":"","footnotes":""},"class_list":["post-25422","page","type-page","status-publish","hentry"],"_links":{"self":[{"href":"https:\/\/tbcres.com\/sl\/wp-json\/wp\/v2\/pages\/25422","targetHints":{"allow":["GET"]}}],"collection":[{"href":"https:\/\/tbcres.com\/sl\/wp-json\/wp\/v2\/pages"}],"about":[{"href":"https:\/\/tbcres.com\/sl\/wp-json\/wp\/v2\/types\/page"}],"author":[{"embeddable":true,"href":"https:\/\/tbcres.com\/sl\/wp-json\/wp\/v2\/users\/1"}],"replies":[{"embeddable":true,"href":"https:\/\/tbcres.com\/sl\/wp-json\/wp\/v2\/comments?post=25422"}],"version-history":[{"count":5,"href":"https:\/\/tbcres.com\/sl\/wp-json\/wp\/v2\/pages\/25422\/revisions"}],"predecessor-version":[{"id":27089,"href":"https:\/\/tbcres.com\/sl\/wp-json\/wp\/v2\/pages\/25422\/revisions\/27089"}],"wp:attachment":[{"href":"https:\/\/tbcres.com\/sl\/wp-json\/wp\/v2\/media?parent=25422"}],"curies":[{"name":"wp","href":"https:\/\/api.w.org\/{rel}","templated":true}]}}