{"id":25434,"date":"2022-06-07T08:59:43","date_gmt":"2022-06-07T08:59:43","guid":{"rendered":"https:\/\/ap.moonsafari.design\/izjava-o-varnosti\/"},"modified":"2022-07-18T11:45:40","modified_gmt":"2022-07-18T11:45:40","slug":"izjava-o-varnosti","status":"publish","type":"page","link":"https:\/\/tbcres.com\/sl\/izjava-o-varnosti\/","title":{"rendered":"Izjava o varnosti"},"content":{"rendered":"<p>[et_pb_section fb_built=&#8221;1&#8243; admin_label=&#8221;Hero image&#8221; _builder_version=&#8221;4.17.4&#8243; _module_preset=&#8221;default&#8221; background_image=&#8221;https:\/\/tbcres.com\/wp-content\/uploads\/2022\/07\/Izjava-o-sigurnosti-Cresanka.webp&#8221; background_position=&#8221;top_center&#8221; min_height=&#8221;400px&#8221; min_height_tablet=&#8221;400px&#8221; min_height_phone=&#8221;400px&#8221; min_height_last_edited=&#8221;on|phone&#8221; height_tablet=&#8221;&#8221; height_phone=&#8221;600px&#8221; height_last_edited=&#8221;on|phone&#8221; top_divider_color=&#8221;#e02b20&#8243; bottom_divider_style=&#8221;waves2&#8243; bottom_divider_color=&#8221;#FFFFFF&#8221; bottom_divider_height=&#8221;50px&#8221; bottom_divider_style_tablet=&#8221;waves2&#8243; bottom_divider_style_phone=&#8221;wave2&#8243; bottom_divider_style_last_edited=&#8221;on|phone&#8221; collapsed=&#8221;on&#8221; global_colors_info=&#8221;{}&#8221;][\/et_pb_section][et_pb_section fb_built=&#8221;1&#8243; admin_label=&#8221;GDPR&#8221; _builder_version=&#8221;4.16&#8243; _module_preset=&#8221;default&#8221; background_color=&#8221;rgba(0,0,0,0)&#8221; custom_margin=&#8221;-200px||50px||false|false&#8221; custom_margin_tablet=&#8221;-200px||50px||false|false&#8221; custom_margin_phone=&#8221;-350px||50px||false|false&#8221; custom_margin_last_edited=&#8221;on|phone&#8221; custom_padding=&#8221;0px||0px||false|false&#8221; collapsed=&#8221;off&#8221; global_colors_info=&#8221;{}&#8221;][et_pb_row admin_label=&#8221;Naslov &#8221; _builder_version=&#8221;4.16&#8243; _module_preset=&#8221;default&#8221; width_tablet=&#8221;&#8221; width_phone=&#8221;90%&#8221; width_last_edited=&#8221;on|phone&#8221; custom_padding=&#8221;0px|4vw||4vw|false|false&#8221; collapsed=&#8221;off&#8221; global_colors_info=&#8221;{}&#8221;][et_pb_column type=&#8221;4_4&#8243; _builder_version=&#8221;4.16&#8243; _module_preset=&#8221;default&#8221; global_colors_info=&#8221;{}&#8221;][et_pb_text _builder_version=&#8221;4.16&#8243; _module_preset=&#8221;default&#8221; text_line_height=&#8221;1.5em&#8221; header_font=&#8221;|300|||||||&#8221; header_text_align=&#8221;left&#8221; header_text_color=&#8221;#f6f6f3&#8243; header_font_size=&#8221;3.5em&#8221; header_6_font=&#8221;|||on|||||&#8221; header_6_line_height=&#8221;2em&#8221; background_layout=&#8221;dark&#8221; custom_margin=&#8221;||||false|false&#8221; locked=&#8221;off&#8221; global_colors_info=&#8221;{}&#8221;]<\/p>\n<h1>Izjava o varnosti<\/h1>\n<p>[\/et_pb_text][\/et_pb_column][\/et_pb_row][et_pb_row column_structure=&#8221;2_3,1_3&#8243; use_custom_gutter=&#8221;on&#8221; custom_padding_last_edited=&#8221;on|phone&#8221; admin_label=&#8221;Opis&#8221; _builder_version=&#8221;4.17.4&#8243; _module_preset=&#8221;default&#8221; background_color=&#8221;#FFFFFF&#8221; z_index=&#8221;99&#8243; width_tablet=&#8221;&#8221; width_phone=&#8221;90%&#8221; width_last_edited=&#8221;on|phone&#8221; custom_margin=&#8221;||||false|false&#8221; custom_padding=&#8221;50px|50px|50px|50px|true|true&#8221; custom_padding_tablet=&#8221;50px|50px|50px|50px|true|true&#8221; custom_padding_phone=&#8221;25px|25px|25px|25px|true|true&#8221; box_shadow_style=&#8221;preset1&#8243; box_shadow_vertical=&#8221;-25px&#8221; box_shadow_spread=&#8221;-10px&#8221; collapsed=&#8221;off&#8221; global_colors_info=&#8221;{}&#8221;][et_pb_column type=&#8221;2_3&#8243; _builder_version=&#8221;4.16&#8243; _module_preset=&#8221;default&#8221; global_colors_info=&#8221;{}&#8221;][et_pb_text _builder_version=&#8221;4.16&#8243; _module_preset=&#8221;default&#8221; text_letter_spacing=&#8221;0.03em&#8221; text_line_height=&#8221;2em&#8221; header_4_line_height=&#8221;2em&#8221; header_4_line_height_tablet=&#8221;2em&#8221; header_4_line_height_phone=&#8221;1.5em&#8221; header_4_line_height_last_edited=&#8221;on|phone&#8221; global_colors_info=&#8221;{}&#8221;]<\/p>\n<h4>Varnost pla\u010dila s kreditno kartico<\/h4>\n<p>Tajnost va\u0161ih podatkov je za\u0161\u010ditena in zavarovana z uporabo \u0161ifriranja SSL. Strani za pla\u010devanje prek spleta so zavarovane z uporabo protokola Secure Socket Layer (SSL) s 128-bitnim \u0161ifriranjem podatkov. \u0160ifriranje SSL je postopek \u0161ifriranja podatkov zaradi prepre\u010devanja nepoobla\u0161\u010denega dostopa pri njihovem prenosu.<\/p>\n<p>S tem je omogo\u010den varen prenos informacij in onemogo\u010den nedovoljen dostop do podatkov med komunikacijo med uporabnikovim ra\u010dunalnikom in storitvijo T-com ter obratno.<\/p>\n<p>Storitev PayWay in finan\u010dne ustanove (karti\u010dne hi\u0161e) si izmenjujejo podatke z uporabo virtualnega zasebnega omre\u017eja (VPN), ki je za\u0161\u010diteno pred nepoobla\u0161\u010denim dostopom.<\/p>\n<p>\u0160tevilke kreditnih kartic se ne shranijo in niso dostopne nepoobla\u0161\u010denim osebam.<\/p>\n<p>Brojevi kreditnih kartica se ne pohranjuju i nisu dostupni neovla\u0161tenim osobama.[\/et_pb_text][et_pb_text _builder_version=&#8221;4.16&#8243; _module_preset=&#8221;default&#8221; text_letter_spacing=&#8221;0.03em&#8221; text_line_height=&#8221;2em&#8221; header_4_line_height=&#8221;2em&#8221; header_4_line_height_tablet=&#8221;2em&#8221; header_4_line_height_phone=&#8221;1.5em&#8221; header_4_line_height_last_edited=&#8221;on|phone&#8221; global_colors_info=&#8221;{}&#8221;]<\/p>\n<h4>Izjava o varstvu in zbiranju osebnih podatkov<\/h4>\n<p>Varstvo osebnih podatkov kupcev bomo zagotavljali tako, da bomo zbirali samo nujne, osnovne podatke o kupcih\/uporabnikih, ki so nujni za izpolnitev na\u0161ih obveznosti, informirali kupce o na\u010dinu uporabe zbranih podatkov, kupcem redno dajali mo\u017enost izbire glede uporabe njihovih podatkov, vklju\u010dno z mo\u017enostjo odlo\u010ditve, ali \u017eelijo odstraniti svoje ime s seznamov, uporabljenih za marketin\u0161ke kampanje, ali ne.<\/p>\n<p>Vsi podatki o uporabnikih se strogo varujejo in so dostopni samo zaposlenim, ki te podatke potrebujejo za opravljanje svojega dela.<\/p>\n<p>Vsi na\u0161i zaposleni in poslovni partnerji so dol\u017eni spo\u0161tovati na\u010dela varstva zasebnosti.[\/et_pb_text][\/et_pb_column][et_pb_column type=&#8221;1_3&#8243; _builder_version=&#8221;4.16&#8243; _module_preset=&#8221;default&#8221; global_colors_info=&#8221;{}&#8221;][et_pb_text _builder_version=&#8221;4.16&#8243; _module_preset=&#8221;default&#8221; header_6_font=&#8221;|||on|||||&#8221; global_colors_info=&#8221;{}&#8221;]<\/p>\n<h6>VARNOSTNE KARTICE:<\/h6>\n<p>[\/et_pb_text][et_pb_image src=&#8221;https:\/\/tbcres.com\/wp-content\/uploads\/2022\/07\/mastercard_kreditna_kartica_Hotel_Kimen_Cres.svg&#8221; alt=&#8221;mastercard&#8221; title_text=&#8221;mastercard&#8221; _builder_version=&#8221;4.17.4&#8243; _module_preset=&#8221;default&#8221; width=&#8221;30%&#8221; custom_margin=&#8221;|10px|||false|false&#8221; custom_css_main_element=&#8221;float: left;&#8221; global_colors_info=&#8221;{}&#8221;][\/et_pb_image][et_pb_image src=&#8221;https:\/\/tbcres.com\/wp-content\/uploads\/2022\/07\/Kartice_sigurnosti_Visa_Hotel_Kimen_Cres.svg&#8221; title_text=&#8221;Visa&#8221; _builder_version=&#8221;4.17.4&#8243; _module_preset=&#8221;default&#8221; width=&#8221;30%&#8221; custom_margin=&#8221;|10px|||false|false&#8221; hover_enabled=&#8221;0&#8243; custom_css_main_element=&#8221;float: left;&#8221; global_colors_info=&#8221;{}&#8221; alt=&#8221;Visa&#8221; sticky_enabled=&#8221;0&#8243;][\/et_pb_image][et_pb_image src=&#8221;https:\/\/tbcres.com\/wp-content\/uploads\/2022\/07\/american_express_kreditna_kartica_Hotel_Kimen_Cres.svg&#8221; title_text=&#8221;american express&#8221; _builder_version=&#8221;4.17.4&#8243; _module_preset=&#8221;default&#8221; width=&#8221;30%&#8221; hover_enabled=&#8221;0&#8243; custom_css_main_element=&#8221;float: left;&#8221; global_colors_info=&#8221;{}&#8221; alt=&#8221;american express&#8221; sticky_enabled=&#8221;0&#8243;][\/et_pb_image][et_pb_image src=&#8221;https:\/\/tbcres.com\/wp-content\/uploads\/2022\/07\/kartice-sigurnosti-hotel-kimen-cres.png&#8221; title_text=&#8221;Kartice sigurnosti&#8221; _builder_version=&#8221;4.17.4&#8243; _module_preset=&#8221;default&#8221; width=&#8221;30%&#8221; hover_enabled=&#8221;0&#8243; custom_css_main_element=&#8221;float: left;&#8221; global_colors_info=&#8221;{}&#8221; alt=&#8221;Kartice sigurnosti&#8221; sticky_enabled=&#8221;0&#8243;][\/et_pb_image][\/et_pb_column][\/et_pb_row][\/et_pb_section]<\/p>\n","protected":false},"excerpt":{"rendered":"<p>Izjava o varnostiVarnost pla\u010dila s kreditno kartico Tajnost va\u0161ih podatkov je za\u0161\u010ditena in zavarovana z uporabo \u0161ifriranja SSL. Strani za pla\u010devanje prek spleta so zavarovane z uporabo protokola Secure Socket Layer (SSL) s 128-bitnim \u0161ifriranjem podatkov. \u0160ifriranje SSL je postopek \u0161ifriranja podatkov zaradi prepre\u010devanja nepoobla\u0161\u010denega dostopa pri njihovem prenosu. S tem je omogo\u010den varen prenos [&hellip;]<\/p>\n","protected":false},"author":1,"featured_media":0,"parent":0,"menu_order":0,"comment_status":"closed","ping_status":"closed","template":"","meta":{"_et_pb_use_builder":"on","_et_pb_old_content":"","_et_gb_content_width":"","footnotes":""},"class_list":["post-25434","page","type-page","status-publish","hentry"],"_links":{"self":[{"href":"https:\/\/tbcres.com\/sl\/wp-json\/wp\/v2\/pages\/25434","targetHints":{"allow":["GET"]}}],"collection":[{"href":"https:\/\/tbcres.com\/sl\/wp-json\/wp\/v2\/pages"}],"about":[{"href":"https:\/\/tbcres.com\/sl\/wp-json\/wp\/v2\/types\/page"}],"author":[{"embeddable":true,"href":"https:\/\/tbcres.com\/sl\/wp-json\/wp\/v2\/users\/1"}],"replies":[{"embeddable":true,"href":"https:\/\/tbcres.com\/sl\/wp-json\/wp\/v2\/comments?post=25434"}],"version-history":[{"count":2,"href":"https:\/\/tbcres.com\/sl\/wp-json\/wp\/v2\/pages\/25434\/revisions"}],"predecessor-version":[{"id":25436,"href":"https:\/\/tbcres.com\/sl\/wp-json\/wp\/v2\/pages\/25434\/revisions\/25436"}],"wp:attachment":[{"href":"https:\/\/tbcres.com\/sl\/wp-json\/wp\/v2\/media?parent=25434"}],"curies":[{"name":"wp","href":"https:\/\/api.w.org\/{rel}","templated":true}]}}